{"id":323,"date":"2023-06-23T10:17:58","date_gmt":"2023-06-23T08:17:58","guid":{"rendered":"https:\/\/breins-elektrotechnik.de\/?page_id=323"},"modified":"2024-06-12T23:34:55","modified_gmt":"2024-06-12T21:34:55","slug":"impressum","status":"publish","type":"page","link":"https:\/\/breins-elektrotechnik.de\/?page_id=323","title":{"rendered":"Impressum"},"content":{"rendered":"<div class=\"entry-content\">\n<p><strong><span style=\"font-family: arial, helvetica, sans-serif;\">Verantwortlich f\u00fcr den Inhalt dieser Internetseite i.S.d. \u00a7 18 MStV ist:<\/span><\/strong><\/p>\n<p><span style=\"font-family: arial, helvetica, sans-serif;\"> Dipl.-Ing. (FH) Christian Breins<\/span><\/p>\n<\/div>\n<p><span style=\"font-family: arial, helvetica, sans-serif; font-size: 10pt;\"><b>BREINS ELEKTROTECHNIK GMBH<\/b><\/span><br \/>\n<span style=\"font-family: arial, helvetica, sans-serif; font-size: 10pt;\"><b>AM BUCHENHANG 2<\/b><\/span><br \/>\n<span style=\"font-family: arial, helvetica, sans-serif; font-size: 10pt;\"><b>88299 LEUTKIRCH<br \/>\n<\/b><\/span><span style=\"font-family: arial, helvetica, sans-serif; font-size: 10pt;\">Telefon (0 75 67) 2 50 &#8211; Telefax (0 75 67) 12 10<\/span><br \/>\n<span style=\"font-family: arial, helvetica, sans-serif; font-size: 10pt;\">mail: <a href=\"mailto:info@breins-elektrotechnik.de\">info@breins-elektrotechnik.de<\/a> &#8211; web: www.breins-elektrotechnik.de<\/span><\/p>\n<p><span style=\"font-family: arial, helvetica, sans-serif; font-size: 10pt;\">Sitz der Gesellschaft: Leutkirch (Allg\u00e4u)<\/span><br \/>\n<span style=\"font-family: arial, helvetica, sans-serif; font-size: 10pt;\">Amtsgericht Ravensburg HRB 577-L<\/span><br \/>\n<span style=\"font-family: arial, helvetica, sans-serif; font-size: 10pt;\">UST-ID-Nr.: DE 205917101<\/span><br \/>\n<span style=\"font-family: arial, helvetica, sans-serif; font-size: 10pt;\">Gesch\u00e4ftsf\u00fchrer: Christian Breins, Robin Breins<br \/>\n<\/span><\/p>\n<hr \/>\n<p><span style=\"font-family: arial, helvetica, sans-serif;\"><strong>Haftungshinweis:<\/strong><br \/>\n<\/span><span style=\"font-family: arial, helvetica, sans-serif;\">Trotz sorgf\u00e4ltiger inhaltlicher Kontrolle \u00fcbernehmen wir keine Haftung f\u00fcr die Inhalte externer Links. F\u00fcr den Inhalt der verlinkten Seiten sind ausschlie\u00dflich deren Betreiber verantwortlich.<\/span><\/p>\n<p><span style=\"font-family: arial, helvetica, sans-serif;\"><strong>Haftungsausschluss<br \/>\n<\/strong><\/span><span style=\"font-family: arial, helvetica, sans-serif;\">Diese Internetpr\u00e4senz dient ausschlie\u00dflich der allgemeinen Information. Die Inhalte der Internetpr\u00e4senz wurden von uns sorgf\u00e4ltig zusammengestellt und gepr\u00fcft, dennoch k\u00f6nnen wir keine Gew\u00e4hr auf Aktualit\u00e4t und Vollst\u00e4ndigkeit geben. F\u00fcr Links zu externen Seiten, die sich in einem neuen Fenster \u00f6ffnen, ist der jeweilige Seitenbetreiber verantwortlich. Wir \u00fcbernehmen keine Haftung f\u00fcr deren Seiteninhalte.<\/span><\/p>\n<hr \/>\n<h4><span style=\"font-family: arial, helvetica, sans-serif;\">Hinweise zur Website<\/span><\/h4>\n<p><span style=\"font-family: arial, helvetica, sans-serif;\"><strong>Information gem\u00e4\u00df \u00a7 36 VSBG<br \/>\n<\/strong><\/span><span style=\"font-family: arial, helvetica, sans-serif;\">Gem\u00e4\u00df \u00a7 36 VSBG (Verbraucherstreitbeilegungsgesetz &#8211; Gesetz \u00fcber die alternative Streitbeilegung in Verbrauchersachen) erkl\u00e4rt der Betreiber dieser Website: Wir sind weder bereit noch verpflichtet, an Streitbeilegungsverfahren vor einer Verbraucherschlichtungsstelle teilzunehmen.<\/span><\/p>\n<p><span style=\"font-family: arial, helvetica, sans-serif;\"><strong>Streitschlichtung<\/strong><\/span><br \/>\n<span style=\"font-family: arial, helvetica, sans-serif;\">Die Europ\u00e4ische Kommission stellt eine Plattform zur Online-Streitbeilegung (OS) bereit: <a href=\"https:\/\/ec.europa.eu\/consumers\/odr\" target=\"_blank\" rel=\"noopener noreferrer\">https:\/\/ec.europa.eu\/consumers\/odr<\/a>. Unsere E-Mail-Adresse finden Sie oben im Impressum. Wir sind nicht bereit oder verpflichtet, an Streitbeilegungsverfahren vor einer Verbraucherschlichtungsstelle teilzunehmen.<\/span><\/p>\n","protected":false},"excerpt":{"rendered":"<p>Verantwortlich f\u00fcr den Inhalt dieser Internetseite i.S.d. \u00a7 18 MStV ist: Dipl.-Ing. (FH) Christian Breins BREINS ELEKTROTECHNIK GMBH AM BUCHENHANG 2 88299 LEUTKIRCH Telefon (0&hellip;<\/p>\n","protected":false},"author":1,"featured_media":0,"parent":0,"menu_order":0,"comment_status":"closed","ping_status":"closed","template":"","meta":{"footnotes":""},"_links":{"self":[{"href":"https:\/\/breins-elektrotechnik.de\/index.php?rest_route=\/wp\/v2\/pages\/323"}],"collection":[{"href":"https:\/\/breins-elektrotechnik.de\/index.php?rest_route=\/wp\/v2\/pages"}],"about":[{"href":"https:\/\/breins-elektrotechnik.de\/index.php?rest_route=\/wp\/v2\/types\/page"}],"author":[{"embeddable":true,"href":"https:\/\/breins-elektrotechnik.de\/index.php?rest_route=\/wp\/v2\/users\/1"}],"replies":[{"embeddable":true,"href":"https:\/\/breins-elektrotechnik.de\/index.php?rest_route=%2Fwp%2Fv2%2Fcomments&post=323"}],"version-history":[{"count":19,"href":"https:\/\/breins-elektrotechnik.de\/index.php?rest_route=\/wp\/v2\/pages\/323\/revisions"}],"predecessor-version":[{"id":1279,"href":"https:\/\/breins-elektrotechnik.de\/index.php?rest_route=\/wp\/v2\/pages\/323\/revisions\/1279"}],"wp:attachment":[{"href":"https:\/\/breins-elektrotechnik.de\/index.php?rest_route=%2Fwp%2Fv2%2Fmedia&parent=323"}],"curies":[{"name":"wp","href":"https:\/\/api.w.org\/{rel}","templated":true}]}}