{"id":357,"date":"2023-06-23T18:20:06","date_gmt":"2023-06-23T16:20:06","guid":{"rendered":"https:\/\/breins-elektrotechnik.de\/?page_id=357"},"modified":"2024-05-02T19:00:49","modified_gmt":"2024-05-02T17:00:49","slug":"kontakt","status":"publish","type":"page","link":"https:\/\/breins-elektrotechnik.de\/?page_id=357","title":{"rendered":"Kontakt"},"content":{"rendered":"<p style=\"text-align: center;\">BREINS ELEKTROTECHNIK GMBH<br \/>\nAM BUCHENHANG 2<br \/>\n88299 LEUTKIRCH<\/p>\n<p style=\"text-align: center;\">Telefon (0 75 67) 2 50<br \/>\nTelefax (0 75 67) 12 10<\/p>\n<p style=\"text-align: center;\">Email: <a href=\"mailto:info@breins-elektrotechnik.de\">info@breins-elektrotechnik.de<\/a><\/p>\n<p>&nbsp;<\/p>\n<p><span style=\"font-family: arial, helvetica, sans-serif;\"><b>Info zum Datenschutz<\/b><\/span><br \/>\n<span style=\"font-family: arial, helvetica, sans-serif;\">Unsere Internetseite erm\u00f6glicht Ihnen eine schnelle elektronische Kontaktaufnahme zu unserem Unternehmen sowie eine unmittelbare Kommunikation per Email, Telefax oder Telefon, was eine allgemeine Adresse der sogenannten elektronischen Post (E-Mail-Adresse) umfasst. Sofern Sie per E-Mail, Telefax oder Telefon den Kontakt mit uns aufnehmen, werden die von Ihnen \u00fcbermittelten personenbezogenen Daten automatisch gespeichert. Solche auf freiwilliger Basis von Ihnen an uns \u00fcbermittelten personenbezogenen Daten werden f\u00fcr Zwecke der Bearbeitung oder der Kontaktaufnahme gespeichert. Es erfolgt keine Weitergabe dieser personenbezogenen Daten an Dritte.<\/span><br \/>\n<a href=\"?page_id=3\"><span style=\"font-family: arial, helvetica, sans-serif;\">[siehe auch Datenschutzerkl\u00e4rung]<\/span><\/a><\/p>\n<p>&nbsp;<\/p>\n","protected":false},"excerpt":{"rendered":"<p>BREINS ELEKTROTECHNIK GMBH AM BUCHENHANG 2 88299 LEUTKIRCH Telefon (0 75 67) 2 50 Telefax (0 75 67) 12 10 Email: info@breins-elektrotechnik.de &nbsp; Info zum&hellip;<\/p>\n","protected":false},"author":1,"featured_media":0,"parent":0,"menu_order":0,"comment_status":"closed","ping_status":"closed","template":"","meta":{"footnotes":""},"_links":{"self":[{"href":"https:\/\/breins-elektrotechnik.de\/index.php?rest_route=\/wp\/v2\/pages\/357"}],"collection":[{"href":"https:\/\/breins-elektrotechnik.de\/index.php?rest_route=\/wp\/v2\/pages"}],"about":[{"href":"https:\/\/breins-elektrotechnik.de\/index.php?rest_route=\/wp\/v2\/types\/page"}],"author":[{"embeddable":true,"href":"https:\/\/breins-elektrotechnik.de\/index.php?rest_route=\/wp\/v2\/users\/1"}],"replies":[{"embeddable":true,"href":"https:\/\/breins-elektrotechnik.de\/index.php?rest_route=%2Fwp%2Fv2%2Fcomments&post=357"}],"version-history":[{"count":10,"href":"https:\/\/breins-elektrotechnik.de\/index.php?rest_route=\/wp\/v2\/pages\/357\/revisions"}],"predecessor-version":[{"id":1127,"href":"https:\/\/breins-elektrotechnik.de\/index.php?rest_route=\/wp\/v2\/pages\/357\/revisions\/1127"}],"wp:attachment":[{"href":"https:\/\/breins-elektrotechnik.de\/index.php?rest_route=%2Fwp%2Fv2%2Fmedia&parent=357"}],"curies":[{"name":"wp","href":"https:\/\/api.w.org\/{rel}","templated":true}]}}