{"id":379,"date":"2023-06-23T18:39:27","date_gmt":"2023-06-23T16:39:27","guid":{"rendered":"https:\/\/breins-elektrotechnik.de\/?page_id=379"},"modified":"2024-11-10T19:53:55","modified_gmt":"2024-11-10T18:53:55","slug":"aktuelles","status":"publish","type":"page","link":"https:\/\/breins-elektrotechnik.de\/?page_id=379","title":{"rendered":"Aktuelles"},"content":{"rendered":"<p><span style=\"font-family: arial, helvetica, sans-serif;\"><b><span style=\"color: #000000;\">Erstellen von Explosionsschutzdokumenten und Pr\u00fcfungen zum Explosionsschutz<\/span><br \/>\n<\/b>Als Erg\u00e4nzung unserer Dienstleistungen bieten wir die Erstellung von Explosionsschutz-Dokumenten und <\/span><span style=\"font-family: arial, helvetica, sans-serif;\">Pr\u00fcfungen zum Explosionsschutz<br \/>\ngem\u00e4\u00df \u00a714 Abs. 1-3 und \u00a715 BetrSichV an.<\/span><\/p>\n<p>&nbsp;<\/p>\n<p><span style=\"font-family: arial, helvetica, sans-serif;\"><b><span style=\"color: #000000;\">Durchf\u00fchrung von Kurzschlu\u00dfstromberechnungen (VDE 0298)<\/span><br \/>\n<\/b>Mithilfe von Elaplan erstellen wir Kurzschlu\u00dfstrom- und Lastflu\u00dfberechnungen f\u00fcr elektrotechnische Anlagen <\/span><span style=\"font-family: arial, helvetica, sans-serif;\">Spannungsbereich bis 24kV.<br \/>\nRufen Sie uns an f\u00fcr weitere Informationen!<\/span><\/p>\n<p>&nbsp;<\/p>\n<p><span style=\"font-family: arial, helvetica, sans-serif;\"><strong><span style=\"color: #000000;\">Netzqualit\u00e4tsanalyse \/ Energiemanagement und Lastanalyse<\/span><br \/>\n<\/strong>Im Bereich Me\u00dftechnik haben wir unser Portfolio erweitert.<br \/>\n<\/span><span style=\"font-family: arial, helvetica, sans-serif;\">Wir bieten folgende Dienstleistungen:<\/span><\/p>\n<ul>\n<li><span style=\"font-family: arial, helvetica, sans-serif;\">Netzqualit\u00e4tsanalyse in energietechnischen Netzen<\/span><\/li>\n<li><span style=\"font-family: arial, helvetica, sans-serif;\">Erfassung von Spannungseinbr\u00fcchen, Spitzen, Spannungserh\u00f6hungen, Transienten<\/span><\/li>\n<li><span style=\"font-family: arial, helvetica, sans-serif;\">Messung von Harmonischen, Beurteilung von Oberwellenproblemen<\/span><\/li>\n<li><span style=\"font-family: arial, helvetica, sans-serif;\">Auslegung von Blindleistungskompensationsanlagen<\/span><\/li>\n<li><span style=\"font-family: arial, helvetica, sans-serif;\"><span style=\"font-family: arial, helvetica, sans-serif;\"><span style=\"font-family: arial, helvetica, sans-serif;\">Hochlaufkennlinien f\u00fcr gro\u00dfe Verbraucher<\/span><\/span><\/span><\/li>\n<\/ul>\n<p>&nbsp;<\/p>\n<p><strong><span style=\"font-family: arial, helvetica, sans-serif;\">Trafo- und Mittelspannungsanlagen<\/span><\/strong><\/p>\n<ul>\n<li><span style=\"font-family: arial, helvetica, sans-serif;\">Trafo- und Mittelspannungsanlagen (Projektierung, Lieferung, Installation)<\/span><\/li>\n<li><span style=\"font-family: arial, helvetica, sans-serif;\">Mittelspannungs-Endverschl\u00fcsse bis 24 kV<\/span><\/li>\n<\/ul>\n<p>&nbsp;<\/p>\n<p><strong><span style=\"font-family: arial, helvetica, sans-serif;\">Schutzpr\u00fcfungen an Bezugs- und Erzeugungsanlagen<\/span><\/strong><\/p>\n<ul>\n<li><span style=\"font-family: arial, helvetica, sans-serif;\">Schutzpr\u00fcfung und Dokumentation auf der MS-Seite<\/span><\/li>\n<li><span style=\"font-family: arial, helvetica, sans-serif;\">Schutzpr\u00fcfung und Dokumentation auf der NS-Seite<\/span><\/li>\n<li>Dokumentation der Pr\u00fcfungen und Aufbereitung f\u00fcr die Zertifizierung<\/li>\n<\/ul>\n<p>&nbsp;<\/p>\n<p><strong><span style=\"font-family: arial, helvetica, sans-serif;\">Unterst\u00fctzung beim Bau und der Zertifizierung von Erzeugungsanlagen<\/span><\/strong><\/p>\n<ul>\n<li><span style=\"font-family: arial, helvetica, sans-serif;\">Durchf\u00fchrung des Anmeldevorgangs beim Energieversorger<\/span><\/li>\n<li><span style=\"font-family: arial, helvetica, sans-serif;\">Unterst\u00fctzung beim Planen und Bauen der Anlage<\/span><br \/>\n<span style=\"font-family: arial, helvetica, sans-serif;\">\u2192 Planung der Anlage<\/span><br \/>\n<span style=\"font-family: arial, helvetica, sans-serif;\">\u2192 Installation aller EMSR-Komponenten<\/span><\/li>\n<li><span style=\"font-family: arial, helvetica, sans-serif;\">Realisierung der Steuerungsanforderungen<\/span><br \/>\n<span style=\"font-family: arial, helvetica, sans-serif;\">\u2192 Realisierung der Steuerung der Anlage<\/span><br \/>\n<span style=\"font-family: arial, helvetica, sans-serif;\">\u2192 Realisierung der EZA-Steuerung<\/span><\/li>\n<li><span style=\"font-family: arial, helvetica, sans-serif;\">Einbindung in die Direktvermarktung<\/span><\/li>\n<li>Schutzpr\u00fcfung \/ Nachweis der Funktion der Schutzger\u00e4te<\/li>\n<\/ul>\n<p>&nbsp;<\/p>\n<p><strong><span style=\"font-family: arial, helvetica, sans-serif;\">Thermische Analyse \/ \u00dcberpr\u00fcfung von PV-Anlagen<\/span><\/strong><\/p>\n<ul>\n<li><span style=\"font-family: arial, helvetica, sans-serif;\">Durchf\u00fchrung der Thermischen Aufnahme mit Hilfe von Drohnen<\/span><\/li>\n<li><span style=\"font-family: arial, helvetica, sans-serif;\">Auswertung und Analyse der Me\u00dfergebnisse<\/span><\/li>\n<\/ul>\n","protected":false},"excerpt":{"rendered":"<p>Erstellen von Explosionsschutzdokumenten und Pr\u00fcfungen zum Explosionsschutz Als Erg\u00e4nzung unserer Dienstleistungen bieten wir die Erstellung von Explosionsschutz-Dokumenten und Pr\u00fcfungen zum Explosionsschutz gem\u00e4\u00df \u00a714 Abs. 1-3&hellip;<\/p>\n","protected":false},"author":1,"featured_media":0,"parent":0,"menu_order":0,"comment_status":"closed","ping_status":"closed","template":"","meta":{"footnotes":""},"_links":{"self":[{"href":"https:\/\/breins-elektrotechnik.de\/index.php?rest_route=\/wp\/v2\/pages\/379"}],"collection":[{"href":"https:\/\/breins-elektrotechnik.de\/index.php?rest_route=\/wp\/v2\/pages"}],"about":[{"href":"https:\/\/breins-elektrotechnik.de\/index.php?rest_route=\/wp\/v2\/types\/page"}],"author":[{"embeddable":true,"href":"https:\/\/breins-elektrotechnik.de\/index.php?rest_route=\/wp\/v2\/users\/1"}],"replies":[{"embeddable":true,"href":"https:\/\/breins-elektrotechnik.de\/index.php?rest_route=%2Fwp%2Fv2%2Fcomments&post=379"}],"version-history":[{"count":35,"href":"https:\/\/breins-elektrotechnik.de\/index.php?rest_route=\/wp\/v2\/pages\/379\/revisions"}],"predecessor-version":[{"id":1629,"href":"https:\/\/breins-elektrotechnik.de\/index.php?rest_route=\/wp\/v2\/pages\/379\/revisions\/1629"}],"wp:attachment":[{"href":"https:\/\/breins-elektrotechnik.de\/index.php?rest_route=%2Fwp%2Fv2%2Fmedia&parent=379"}],"curies":[{"name":"wp","href":"https:\/\/api.w.org\/{rel}","templated":true}]}}